{"id":11939,"date":"2022-09-20T13:03:46","date_gmt":"2022-09-20T11:03:46","guid":{"rendered":"https:\/\/tatryresorts.sk\/?page_id=11939"},"modified":"2022-09-21T15:33:34","modified_gmt":"2022-09-21T13:33:34","slug":"polomkaa","status":"publish","type":"page","link":"https:\/\/tatryresorts.sk\/en\/polomkaa\/","title":{"rendered":"Polomkaa"},"content":{"rendered":"<div data-vc-full-width=\"true\" data-vc-full-width-init=\"false\" class=\"vc_row wpb_row vc_row-fluid desktop vc_custom_1663767177917 vc_row-has-fill vc_row-o-content-bottom vc_row-flex\"><div class=\"wpb_column vc_column_container vc_col-sm-12\"><div class=\"vc_column-inner\"><div class=\"wpb_wrapper\"><div class=\"vc_empty_space  vc_custom_1634673873343\"   style=\"height: 200px\"><span class=\"vc_empty_space_inner\"><\/span><\/div>\n\t<div class=\"wpb_text_column wpb_content_element  vc_custom_1635858204159\" >\n\t\t<div class=\"wpb_wrapper\">\n\t\t\t<h1><span style=\"font-size: 56px; color: #ffffff;\">Apartment Amelia<\/span><\/h1>\n\n\t\t<\/div>\n\t<\/div>\n<\/div><\/div><\/div><\/div><div class=\"vc_row-full-width vc_clearfix\"><\/div><div data-vc-full-width=\"true\" data-vc-full-width-init=\"false\" class=\"vc_row wpb_row vc_row-fluid tablet vc_custom_1663767192243 vc_row-has-fill vc_row-o-content-bottom vc_row-flex\"><div class=\"wpb_column vc_column_container vc_col-sm-12\"><div class=\"vc_column-inner\"><div class=\"wpb_wrapper\"><div class=\"vc_empty_space  vc_custom_1634673873343\"   style=\"height: 200px\"><span class=\"vc_empty_space_inner\"><\/span><\/div>\n\t<div class=\"wpb_text_column wpb_content_element  vc_custom_1635855891235\" >\n\t\t<div class=\"wpb_wrapper\">\n\t\t\t<h1><span style=\"font-size: 56px; color: #ffffff;\">Apartment Amelia<\/span><\/h1>\n\n\t\t<\/div>\n\t<\/div>\n<\/div><\/div><\/div><\/div><div class=\"vc_row-full-width vc_clearfix\"><\/div><div data-vc-full-width=\"true\" data-vc-full-width-init=\"false\" class=\"vc_row wpb_row vc_row-fluid mobil vc_custom_1663767202761 vc_row-has-fill vc_row-o-content-bottom vc_row-flex\"><div class=\"wpb_column vc_column_container vc_col-sm-12\"><div class=\"vc_column-inner\"><div class=\"wpb_wrapper\"><div class=\"vc_empty_space  vc_custom_1634673873343\"   style=\"height: 200px\"><span class=\"vc_empty_space_inner\"><\/span><\/div>\n\t<div class=\"wpb_text_column wpb_content_element  vc_custom_1635860643008\" >\n\t\t<div class=\"wpb_wrapper\">\n\t\t\t<h1><span style=\"line-height: 1.2; font-size: 36px; color: #ffffff;\">Apartment Amelia<\/span><\/h1>\n\n\t\t<\/div>\n\t<\/div>\n<\/div><\/div><\/div><\/div><div class=\"vc_row-full-width vc_clearfix\"><\/div><div class=\"vc_row wpb_row vc_row-fluid\"><div class=\"wpb_column vc_column_container vc_col-sm-12\"><div class=\"vc_column-inner\"><div class=\"wpb_wrapper\">\n\t<div class=\"wpb_raw_code wpb_content_element wpb_raw_html\" >\n\t\t<div class=\"wpb_wrapper\">\n\t\t\t<div class=\"mphb_sc_accommodation_reviews-wrapper comments-area mphb-reviews\" data-accommodation-id=\"11932\"><div class=\"mphbr-accommodation-rating\">        <div class=\"mphbr-accommodation-rating-wrapper\">\n            <h3 class=\"mphbr-accommodation-rating-title\">\n                0 Reviews            <\/h3>\n\n            <div class=\"mphbr-accommodation-rating-value\">\n                <div class=\"mphbr-rating-type\" title=\"Rated 0 out of 5.\">\n        <span class=\"dashicons dashicons-star-filled mphbr-star-rating\">\n            <span style=\"width: 0%;\">\n                Rated <strong class=\"mphbr-rating\">0<\/strong> out of <span class=\"mphbr-max-rating\">5<\/span>.            <\/span>\n        <\/span>\n            <\/div>            <\/div>\n\n                            <button type=\"button\" class=\"button mphbr-add-review\">Write a review<\/button>\n                    <\/div>\n        <\/div>        <div class=\"mphbr-new-review-box mphb-hide\">\n            \t<div id=\"respond\" class=\"comment-respond\">\n\t\t<h3 id=\"reply-title\" class=\"comment-reply-title\">Review &quot;Luxusn\u00e1 chata Polomka&quot; <small><a rel=\"nofollow\" id=\"cancel-comment-reply-link\" href=\"\/en\/wp-json\/wp\/v2\/pages\/11939#respond\" style=\"display:none;\">Cancel reply<\/a><\/small><\/h3><form action=\"https:\/\/tatryresorts.sk\/wp-comments-post.php\" method=\"post\" id=\"commentform\" class=\"mphbr-review-form comment-form\" data-trp-original-action=\"https:\/\/tatryresorts.sk\/wp-comments-post.php\">\t\t<div class=\"mphbr-rating-wrapper\">\n\t\t\t\t<div class=\"mphbr-rating-parameter-wrapper\">\n\t\t<select id=\"mphbr-rating-parameter-57\" class=\"mphb-rating-picker\" name=\"mphbr_rating[57]\" required=\"required\">\n\t\t\t<option value=\"\">Rate<\/option>\n\t\t\t\t\t\t\t<option  value=\"5\">5<\/option>\n\t\t\t\t\t\t\t<option  value=\"4\">4<\/option>\n\t\t\t\t\t\t\t<option  value=\"3\">3<\/option>\n\t\t\t\t\t\t\t<option  value=\"2\">2<\/option>\n\t\t\t\t\t\t\t<option  value=\"1\">1<\/option>\n\t\t\t\t\t<\/select>\n\t\t\t\t\t<label for=\"mphbr-rating-parameter-57\">Celkov\u00e9 hodnotenie<\/label>\n        \t<\/div>\n\t\t\t<\/div>\n\t\t<p class=\"comment-notes\">Va\u0161a e-mailov\u00e1 adresa nebude zverejnen\u00e1. Kliknut\u00edm na po\u017eadovan\u00fd po\u010det hviezdi\u010dek ni\u017e\u0161ie vyjadrite svoj n\u00e1zor so spokojnos\u0165ou v danom ubytovacom zariaden\u00ed:\r\n<\/p>\t\t<input type=\"hidden\" name=\"mphbr_comment_type\" value=\"mphbr_review\"\/>\n        <input type=\"hidden\" name=\"redirect_to\" value=\"https:\/\/tatryresorts.sk\/en\/polomkaa\/\" \/>\n\t\t<p class=\"comment-form-comment\"><label for=\"comment\">Your review<\/label><textarea name=\"comment\" cols=\"45\" rows=\"4\" maxlength=\"65525\" required=\"required\"><\/textarea><\/p><p class=\"comment-form-author\"><label for=\"author\">Name <span class=\"required\">*<\/span><\/label> <input id=\"author\" name=\"author\" type=\"text\" value=\"\" size=\"30\" maxlength=\"245\" autocomplete=\"name\" required=\"required\" \/><\/p>\n<p class=\"comment-form-email\"><label for=\"email\">Email <span class=\"required\">*<\/span><\/label> <input id=\"email\" name=\"email\" type=\"text\" value=\"\" size=\"30\" maxlength=\"100\" autocomplete=\"email\" required=\"required\" \/><\/p>\n<p class=\"comment-form-url\"><label for=\"url\">Website<\/label> <input id=\"url\" name=\"url\" type=\"text\" value=\"\" size=\"30\" maxlength=\"200\" autocomplete=\"url\" \/><\/p>\n<p class=\"comment-form-cookies-consent\"><input id=\"wp-comment-cookies-consent\" name=\"wp-comment-cookies-consent\" type=\"checkbox\" value=\"yes\" \/> <label for=\"wp-comment-cookies-consent\">Save my name, email, and website in this browser for the next time I comment.<\/label><\/p>\n<p class=\"form-submit\"><input name=\"submit\" type=\"submit\" id=\"submit\" class=\"submit\" value=\"Post review\" \/> <input type='hidden' name='comment_post_ID' value='11932' id='comment_post_ID' \/>\n<input type='hidden' name='comment_parent' id='comment_parent' value='0' \/>\n<\/p><input type=\"hidden\" name=\"trp-form-language\" value=\"en\"\/><\/form>\t<\/div><!-- #respond -->\n\t        <\/div>\n        <\/div>\n\n\t\t<\/div>\n\t<\/div>\n<\/div><\/div><\/div><\/div>","protected":false},"excerpt":{"rendered":"Apartm\u00e1n Am\u00e9lia T\u00e1le Apartm\u00e1n Am\u00e9lia T\u00e1le Apartm\u00e1n Am\u00e9lia T\u00e1le 0 Reviews Rated 0 out of 5. Write a review Review &quot;Luxusn\u00e1 chata Polomka&quot; Cancel reply Rate 5 4 3 2 1 Celkov\u00e9 hodnotenie Va\u0161a e-mailov\u00e1 adresa nebude zverejnen\u00e1. Kliknut\u00edm na po\u017eadovan\u00fd po\u010det hviezdi\u010dek ni\u017e\u0161ie vyjadrite svoj n\u00e1zor so spokojnos\u0165ou v danom ubytovacom zariaden\u00ed: Your reviewName [...]","protected":false},"author":1,"featured_media":0,"parent":0,"menu_order":0,"comment_status":"closed","ping_status":"closed","template":"","meta":{"inline_featured_image":false,"footnotes":""},"class_list":["post-11939","page","type-page","status-publish","hentry"],"yoast_head":"<!-- This site is optimized with the Yoast SEO plugin v27.5 - https:\/\/yoast.com\/product\/yoast-seo-wordpress\/ -->\n<title>Polomkaa - TatryResorts<\/title>\n<meta name=\"robots\" content=\"index, follow, max-snippet:-1, max-image-preview:large, max-video-preview:-1\" \/>\n<link rel=\"canonical\" href=\"https:\/\/www.tatryresorts.sk\/polomkaa\/\" \/>\n<meta property=\"og:locale\" content=\"en_GB\" \/>\n<meta property=\"og:type\" content=\"article\" \/>\n<meta property=\"og:title\" content=\"Polomkaa - TatryResorts\" \/>\n<meta property=\"og:url\" content=\"https:\/\/www.tatryresorts.sk\/polomkaa\/\" \/>\n<meta property=\"og:site_name\" content=\"TatryResorts\" \/>\n<meta property=\"article:modified_time\" content=\"2022-09-21T13:33:34+00:00\" \/>\n<meta name=\"twitter:card\" content=\"summary_large_image\" \/>\n<meta name=\"twitter:label1\" content=\"Estimated reading time\" \/>\n\t<meta name=\"twitter:data1\" content=\"1 minute\" \/>\n<script type=\"application\/ld+json\" class=\"yoast-schema-graph\">{\"@context\":\"https:\\\/\\\/schema.org\",\"@graph\":[{\"@type\":\"WebPage\",\"@id\":\"https:\\\/\\\/www.tatryresorts.sk\\\/polomkaa\\\/\",\"url\":\"https:\\\/\\\/www.tatryresorts.sk\\\/polomkaa\\\/\",\"name\":\"Polomkaa - TatryResorts\",\"isPartOf\":{\"@id\":\"https:\\\/\\\/www.tatryresorts.sk\\\/#website\"},\"datePublished\":\"2022-09-20T11:03:46+00:00\",\"dateModified\":\"2022-09-21T13:33:34+00:00\",\"breadcrumb\":{\"@id\":\"https:\\\/\\\/www.tatryresorts.sk\\\/polomkaa\\\/#breadcrumb\"},\"inLanguage\":\"en-GB\",\"potentialAction\":[{\"@type\":\"ReadAction\",\"target\":[\"https:\\\/\\\/www.tatryresorts.sk\\\/polomkaa\\\/\"]}]},{\"@type\":\"BreadcrumbList\",\"@id\":\"https:\\\/\\\/www.tatryresorts.sk\\\/polomkaa\\\/#breadcrumb\",\"itemListElement\":[{\"@type\":\"ListItem\",\"position\":1,\"name\":\"Domovsk\u00e1 str\u00e1nka\",\"item\":\"https:\\\/\\\/www.tatryresorts.sk\\\/\"},{\"@type\":\"ListItem\",\"position\":2,\"name\":\"Polomkaa\"}]},{\"@type\":\"WebSite\",\"@id\":\"https:\\\/\\\/www.tatryresorts.sk\\\/#website\",\"url\":\"https:\\\/\\\/www.tatryresorts.sk\\\/\",\"name\":\"TatryResorts\",\"description\":\"\",\"potentialAction\":[{\"@type\":\"SearchAction\",\"target\":{\"@type\":\"EntryPoint\",\"urlTemplate\":\"https:\\\/\\\/www.tatryresorts.sk\\\/?s={search_term_string}\"},\"query-input\":{\"@type\":\"PropertyValueSpecification\",\"valueRequired\":true,\"valueName\":\"search_term_string\"}}],\"inLanguage\":\"en-GB\"}]}<\/script>\n<!-- \/ Yoast SEO plugin. -->","yoast_head_json":{"title":"Polomkaa - TatryResorts","robots":{"index":"index","follow":"follow","max-snippet":"max-snippet:-1","max-image-preview":"max-image-preview:large","max-video-preview":"max-video-preview:-1"},"canonical":"https:\/\/www.tatryresorts.sk\/polomkaa\/","og_locale":"en_GB","og_type":"article","og_title":"Polomkaa - TatryResorts","og_url":"https:\/\/www.tatryresorts.sk\/polomkaa\/","og_site_name":"TatryResorts","article_modified_time":"2022-09-21T13:33:34+00:00","twitter_card":"summary_large_image","twitter_misc":{"Estimated reading time":"1 minute"},"schema":{"@context":"https:\/\/schema.org","@graph":[{"@type":"WebPage","@id":"https:\/\/www.tatryresorts.sk\/polomkaa\/","url":"https:\/\/www.tatryresorts.sk\/polomkaa\/","name":"Polomkaa - TatryResorts","isPartOf":{"@id":"https:\/\/www.tatryresorts.sk\/#website"},"datePublished":"2022-09-20T11:03:46+00:00","dateModified":"2022-09-21T13:33:34+00:00","breadcrumb":{"@id":"https:\/\/www.tatryresorts.sk\/polomkaa\/#breadcrumb"},"inLanguage":"en-GB","potentialAction":[{"@type":"ReadAction","target":["https:\/\/www.tatryresorts.sk\/polomkaa\/"]}]},{"@type":"BreadcrumbList","@id":"https:\/\/www.tatryresorts.sk\/polomkaa\/#breadcrumb","itemListElement":[{"@type":"ListItem","position":1,"name":"Domovsk\u00e1 str\u00e1nka","item":"https:\/\/www.tatryresorts.sk\/"},{"@type":"ListItem","position":2,"name":"Polomkaa"}]},{"@type":"WebSite","@id":"https:\/\/www.tatryresorts.sk\/#website","url":"https:\/\/www.tatryresorts.sk\/","name":"TatryResorts","description":"","potentialAction":[{"@type":"SearchAction","target":{"@type":"EntryPoint","urlTemplate":"https:\/\/www.tatryresorts.sk\/?s={search_term_string}"},"query-input":{"@type":"PropertyValueSpecification","valueRequired":true,"valueName":"search_term_string"}}],"inLanguage":"en-GB"}]}},"_links":{"self":[{"href":"https:\/\/tatryresorts.sk\/en\/wp-json\/wp\/v2\/pages\/11939","targetHints":{"allow":["GET"]}}],"collection":[{"href":"https:\/\/tatryresorts.sk\/en\/wp-json\/wp\/v2\/pages"}],"about":[{"href":"https:\/\/tatryresorts.sk\/en\/wp-json\/wp\/v2\/types\/page"}],"author":[{"embeddable":true,"href":"https:\/\/tatryresorts.sk\/en\/wp-json\/wp\/v2\/users\/1"}],"replies":[{"embeddable":true,"href":"https:\/\/tatryresorts.sk\/en\/wp-json\/wp\/v2\/comments?post=11939"}],"version-history":[{"count":2,"href":"https:\/\/tatryresorts.sk\/en\/wp-json\/wp\/v2\/pages\/11939\/revisions"}],"predecessor-version":[{"id":11968,"href":"https:\/\/tatryresorts.sk\/en\/wp-json\/wp\/v2\/pages\/11939\/revisions\/11968"}],"wp:attachment":[{"href":"https:\/\/tatryresorts.sk\/en\/wp-json\/wp\/v2\/media?parent=11939"}],"curies":[{"name":"wp","href":"https:\/\/api.w.org\/{rel}","templated":true}]}}